{"id":126,"date":"2022-11-09T20:26:28","date_gmt":"2022-11-09T20:26:28","guid":{"rendered":"https:\/\/colectivoeducacioninicial.com\/wordpress\/?page_id=126"},"modified":"2022-11-27T19:56:12","modified_gmt":"2022-11-27T19:56:12","slug":"companers-de-camino","status":"publish","type":"page","link":"https:\/\/colectivoeducacioninicial.com\/index.php\/companers-de-camino\/","title":{"rendered":"Compa\u00f1erxs de camino"},"content":{"rendered":"\n<p><\/p>\n\n\n\n<figure class=\"wp-block-pullquote has-subtle-background-color has-secondary-background-color has-text-color has-background\"><blockquote><p><mark style=\"background-color:rgba(0, 0, 0, 0)\" class=\"has-inline-color has-background-color\">\u00abLevantar el papel donde escribimos y revisar mejor debajo. Levantar cada palabra que encontramos y examinar mejor debajo. Levantar cada hombre y observar mejor debajo. Levantar a la muerte y escudri\u00f1ar mejor debajo. Y si miramos bien siempre hallaremos otra huella. No servir\u00e1 para poner el pi\u00e9 ni para aposentar el pensamiento, pero ella nos probar\u00e1 que alguien m\u00e1s ha pasado por aqu\u00ed.\u00bb <br><em><strong>Roberto Juarroz<\/strong><\/em><\/mark><\/p><\/blockquote><\/figure>\n\n\n\n<p><\/p>\n\n\n\n<p class=\"has-text-align-center\">Estas son algunas de las agrupaciones que nos acompa\u00f1an en nuestro andar.<\/p>\n\n\n<div class=\"wp-block-image is-style-rounded\">\n<figure class=\"aligncenter size-thumbnail is-resized\"><img fetchpriority=\"high\" decoding=\"async\" src=\"https:\/\/colectivoeducacioninicial.com\/wp-content\/uploads\/2022\/11\/LOGO-NUEVO-MAS-CHICO-CON-LETRAS-150x150.jpg\" alt=\"\" class=\"wp-image-297\" width=\"260\" height=\"260\"\/><\/figure>\n<\/div>\n\n\n<p class=\"has-text-align-center has-text-color has-small-font-size\" style=\"color:#d12476;font-style:normal;font-weight:500\"><a rel=\"noreferrer noopener\" href=\"https:\/\/ensagulla-cba.infd.edu.ar\/sitio\/\" target=\"_blank\">INSTITUTO DE FORMACI\u00d3N DOCENTE DR. AGUST\u00cdN GARZ\u00d3N AGULLA<\/a><\/p>\n\n\n<div class=\"wp-block-image is-style-rounded\">\n<figure class=\"aligncenter size-medium\"><img decoding=\"async\" width=\"300\" height=\"135\" src=\"https:\/\/colectivoeducacioninicial.com\/wp-content\/uploads\/2022\/11\/cropped-cabeza-cuadrada1-300x135.jpg\" alt=\"\" class=\"wp-image-299\" srcset=\"https:\/\/colectivoeducacioninicial.com\/wp-content\/uploads\/2022\/11\/cropped-cabeza-cuadrada1-300x135.jpg 300w, https:\/\/colectivoeducacioninicial.com\/wp-content\/uploads\/2022\/11\/cropped-cabeza-cuadrada1.jpg 500w\" sizes=\"(max-width: 300px) 100vw, 300px\" \/><\/figure>\n<\/div>\n\n\n<p class=\"has-text-align-center has-text-color has-small-font-size\" style=\"color:#d12476;font-style:normal;font-weight:500\"><a rel=\"noreferrer noopener\" href=\"https:\/\/www.facebook.com\/saludarte.bibliotecaludoteca\" target=\"_blank\">SALUDARTE BIBLIOTECA LUDOTECA<\/a><\/p>\n\n\n<div class=\"wp-block-image is-style-rounded\">\n<figure class=\"aligncenter size-medium\"><img decoding=\"async\" width=\"300\" height=\"271\" src=\"https:\/\/colectivoeducacioninicial.com\/wp-content\/uploads\/2022\/11\/313565_205326299531421_8261343_n-300x271.jpg\" alt=\"\" class=\"wp-image-300\" srcset=\"https:\/\/colectivoeducacioninicial.com\/wp-content\/uploads\/2022\/11\/313565_205326299531421_8261343_n-300x271.jpg 300w, https:\/\/colectivoeducacioninicial.com\/wp-content\/uploads\/2022\/11\/313565_205326299531421_8261343_n.jpg 640w\" sizes=\"(max-width: 300px) 100vw, 300px\" \/><\/figure>\n<\/div>\n\n\n<p class=\"has-text-align-center has-text-color has-small-font-size\" style=\"color:#d12476;font-style:normal;font-weight:500\"><a rel=\"noreferrer noopener\" href=\"http:\/\/cedilijargentina.blogspot.com\" target=\"_blank\">CEDILIJ<\/a><\/p>\n\n\n<div class=\"wp-block-image is-style-rounded\">\n<figure class=\"aligncenter size-medium\"><img loading=\"lazy\" decoding=\"async\" width=\"300\" height=\"300\" src=\"https:\/\/colectivoeducacioninicial.com\/wp-content\/uploads\/2022\/11\/305406408_489105623226408_3314572893987330868_n-300x300.jpg\" alt=\"\" class=\"wp-image-301\" srcset=\"https:\/\/colectivoeducacioninicial.com\/wp-content\/uploads\/2022\/11\/305406408_489105623226408_3314572893987330868_n-300x300.jpg 300w, https:\/\/colectivoeducacioninicial.com\/wp-content\/uploads\/2022\/11\/305406408_489105623226408_3314572893987330868_n-150x150.jpg 150w, https:\/\/colectivoeducacioninicial.com\/wp-content\/uploads\/2022\/11\/305406408_489105623226408_3314572893987330868_n-768x768.jpg 768w, https:\/\/colectivoeducacioninicial.com\/wp-content\/uploads\/2022\/11\/305406408_489105623226408_3314572893987330868_n.jpg 908w\" sizes=\"(max-width: 300px) 100vw, 300px\" \/><\/figure>\n<\/div>\n\n\n<p class=\"has-text-align-center has-text-color has-small-font-size\" style=\"color:#d12476;font-style:normal;font-weight:500\"><a rel=\"noreferrer noopener\" href=\"https:\/\/www.facebook.com\/profile.php?id=100063809236679\" target=\"_blank\">COLECTIVO DE EDUCADORXS DESDE EL SUR<\/a><\/p>\n\n\n<div class=\"wp-block-image is-style-rounded\">\n<figure class=\"aligncenter size-medium\"><img loading=\"lazy\" decoding=\"async\" width=\"300\" height=\"300\" src=\"https:\/\/colectivoeducacioninicial.com\/wp-content\/uploads\/2022\/11\/foto-de-perfil-para-face-instagram-wtsp-300x300.jpg\" alt=\"\" class=\"wp-image-302\" srcset=\"https:\/\/colectivoeducacioninicial.com\/wp-content\/uploads\/2022\/11\/foto-de-perfil-para-face-instagram-wtsp-300x300.jpg 300w, https:\/\/colectivoeducacioninicial.com\/wp-content\/uploads\/2022\/11\/foto-de-perfil-para-face-instagram-wtsp-1024x1024.jpg 1024w, https:\/\/colectivoeducacioninicial.com\/wp-content\/uploads\/2022\/11\/foto-de-perfil-para-face-instagram-wtsp-150x150.jpg 150w, https:\/\/colectivoeducacioninicial.com\/wp-content\/uploads\/2022\/11\/foto-de-perfil-para-face-instagram-wtsp-768x768.jpg 768w, https:\/\/colectivoeducacioninicial.com\/wp-content\/uploads\/2022\/11\/foto-de-perfil-para-face-instagram-wtsp.jpg 1080w\" sizes=\"(max-width: 300px) 100vw, 300px\" \/><\/figure>\n<\/div>\n\n\n<p class=\"has-text-align-center has-text-color has-small-font-size\" style=\"color:#d12476;font-style:normal;font-weight:500\"><a rel=\"noreferrer noopener\" href=\"https:\/\/colectivoelarriero.wixsite.com\/elarriero Promocionar sitio web\" target=\"_blank\">EL ARRIERO COLECTIVO DE EDUCACI\u00d3N POPULAR<\/a><\/p>\n","protected":false},"excerpt":{"rendered":"<p>\u00abLevantar el papel donde escribimos y revisar mejor debajo. Levantar cada palabra que encontramos y examinar mejor debajo. Levantar cada hombre y observar mejor debajo. Levantar a la muerte y [&hellip;]<\/p>\n","protected":false},"author":2,"featured_media":0,"parent":0,"menu_order":0,"comment_status":"closed","ping_status":"closed","template":"","meta":{"_EventAllDay":false,"_EventTimezone":"","_EventStartDate":"","_EventEndDate":"","_EventStartDateUTC":"","_EventEndDateUTC":"","_EventShowMap":false,"_EventShowMapLink":false,"_EventURL":"","_EventCost":"","_EventCostDescription":"","_EventCurrencySymbol":"","_EventCurrencyCode":"","_EventCurrencyPosition":"","_EventDateTimeSeparator":"","_EventTimeRangeSeparator":"","_EventOrganizerID":[],"_EventVenueID":[],"_OrganizerEmail":"","_OrganizerPhone":"","_OrganizerWebsite":"","_VenueAddress":"","_VenueCity":"","_VenueCountry":"","_VenueProvince":"","_VenueState":"","_VenueZip":"","_VenuePhone":"","_VenueURL":"","_VenueStateProvince":"","_VenueLat":"","_VenueLng":"","_VenueShowMap":false,"_VenueShowMapLink":false,"footnotes":""},"class_list":["post-126","page","type-page","status-publish","hentry"],"_links":{"self":[{"href":"https:\/\/colectivoeducacioninicial.com\/index.php\/wp-json\/wp\/v2\/pages\/126","targetHints":{"allow":["GET"]}}],"collection":[{"href":"https:\/\/colectivoeducacioninicial.com\/index.php\/wp-json\/wp\/v2\/pages"}],"about":[{"href":"https:\/\/colectivoeducacioninicial.com\/index.php\/wp-json\/wp\/v2\/types\/page"}],"author":[{"embeddable":true,"href":"https:\/\/colectivoeducacioninicial.com\/index.php\/wp-json\/wp\/v2\/users\/2"}],"replies":[{"embeddable":true,"href":"https:\/\/colectivoeducacioninicial.com\/index.php\/wp-json\/wp\/v2\/comments?post=126"}],"version-history":[{"count":12,"href":"https:\/\/colectivoeducacioninicial.com\/index.php\/wp-json\/wp\/v2\/pages\/126\/revisions"}],"predecessor-version":[{"id":431,"href":"https:\/\/colectivoeducacioninicial.com\/index.php\/wp-json\/wp\/v2\/pages\/126\/revisions\/431"}],"wp:attachment":[{"href":"https:\/\/colectivoeducacioninicial.com\/index.php\/wp-json\/wp\/v2\/media?parent=126"}],"curies":[{"name":"wp","href":"https:\/\/api.w.org\/{rel}","templated":true}]}}